{"id":1885,"date":"2018-04-30T07:59:32","date_gmt":"2018-04-30T07:59:32","guid":{"rendered":"http:\/\/www.agnesnuber.de\/?page_id=1885"},"modified":"2019-12-13T11:12:27","modified_gmt":"2019-12-13T09:12:27","slug":"datenschutz","status":"publish","type":"page","link":"https:\/\/agnesnuber.de\/en\/datenschutz\/","title":{"rendered":"Privacy"},"content":{"rendered":"<p><\/p>\n<h2>Automatische Datenerfassung<\/h2>\n<h3>Nutzungsdaten<\/h3>\n<p>Zur Erfassung von statistischen Daten zu den Besuchen dieses Internetangebots kommt die Software Matomo zum Einsatz.<\/p>\n<p>Mit Zugriff auf die Webseite agnesnuber.de wird auf dem Webserver ein Datensatz gespeichert, der aus folgenden Inhalten besteht:<\/p>\n<ul>\n<li>Die Webseite beziehungsweise die IP-Adresse, von der aus die Datei angefordert beziehungsweise die Webseite aufgerufen wurde<\/li>\n<li>Der Name der Datei beziehungsweise der aufgerufenen Seite<\/li>\n<li>Das Datum und die Uhrzeit des Aufrufs<\/li>\n<li>Die Dauer des Verbleibs auf der Webseite<\/li>\n<li>Die Anzahl der von einem Besucher aufgerufenen Seiten je Sitzung<\/li>\n<li>Die \u00fcbertragene Datenmenge<\/li>\n<li>Der Zugriffsstatus (wurde die Datei gefunden? Wurde sie \u00fcbertragen? etc.)<\/li>\n<li>Die Beschreibung des verwendeten Webbrowsers und Betriebssystems<\/li>\n<\/ul>\n<p>Die gespeicherten Daten beinhalten somit lediglich Ihr Systemumfeld und Ihre Nutzung, sind jedoch dabei v\u00f6llig anonym, da keine pers\u00f6nlichen Daten wie Name, Kontaktdaten oder \u00e4hnliches erfasst werden.<\/p>\n<p>Zudem werden diese Datens\u00e4tze ausschlie\u00dflich zum Zweck der Systemsicherheit und zu statistischen Zwecken ausgewertet, n\u00e4mlich um einen \u00dcberblick \u00fcber die H\u00e4ufigkeit, die Herkunft und die Funktionsf\u00e4higkeit der Zugriffe auf einzelne Angebotssegmente zu bekommen. Diese anonyme Auswertung hilft uns, unser Webangebot Ihren Bed\u00fcrfnissen anzupassen.<\/p>\n<p>Eine Weitergabe dieser Daten an Dritte oder eine sonstige Auswertung findet nicht statt.<\/p>\n<p>Datenschutzerkl\u00e4rung Matamo: <a href=\"https:\/\/matomo.org\/privacy\/\">https:\/\/matomo.org\/privacy\/<\/a><\/p>\n<h3>Erfassung von Daten zur Webstatistik unterbinden<\/h3>\n<p><iframe src=\"https:\/\/piwik.agnesnuber.de\/index.php?module=CoreAdminHome&amp;action=optOut&amp;language=de&amp;backgroundColor=&amp;fontColor=&amp;fontSize=100%&amp;fontFamily=Open Sans\" width=\"300\" height=\"150\" data-mce-fragment=\"1\"><\/iframe><\/p>\n<h3>Einsatz von Vimeo-Komponenten<\/h3>\n<p>Ich setze auf meiner Seite Komponenten des Anbieters <em>Vimeo<\/em> ein. Vimeo ist ein Service der Vimeo LCC, 555 West 18th Street, New York, New York 10011, USA. Bei jedem einzelnen Abruf einer Webseite, die mit einer solchen Komponente ausgestattet ist, veranlasst diese Komponente, dass der von Ihnen verwendete Browser eine entsprechende Darstellung der Komponente von Vimeo herunterl\u00e4dt. Wenn Sie meine Seite aufrufen und w\u00e4hrenddessen bei Vimeo eingeloggt sind, erkennt Vimeo durch die von der Komponente gesammelten Informationen, welche konkrete Seite Sie besuchen und ordnet diese Informationen ggf. Ihrem pers\u00f6nlichen Account bei Vimeo zu. Klicken Sie z.B. den &#8220;Play&#8221;-Button an oder geben Sie entsprechende Kommentare ab, werden diese Informationen ggf. an Ihr pers\u00f6nliches Benutzerkonto bei Vimeo \u00fcbermittelt und dort gespeichert. Dar\u00fcber hinaus wird die Information, dass Sie meine Seite besucht haben, an Vimeo weitergegeben. Dies geschieht unabh\u00e4ngig davon, ob Sie z. Bsp. die Komponente anklicken bzw. Kommentare abgeben oder nicht.<br \/>\nWenn Sie diese \u00dcbermittlung und Speicherung von Daten \u00fcber Sie und Ihr Verhalten auf meiner Webseite durch Vimeo unterbinden wollen, m\u00fcssen Sie sich bei Vimeo ggf. ausloggen und zwar bevor Sie meine Seite besuchen. Die Datenschutzhinweise von Vimeo geben hierzu n\u00e4here Informationen, insbesondere zur Erhebung und Nutzung der Daten durch Vimeo: <a class=\"biblio\" href=\"https:\/\/vimeo.com\/privacy\" target=\"_blank\" rel=\"nofollow noopener noreferrer\">https:\/\/vimeo.com\/privacy<\/a><\/p>","protected":false},"excerpt":{"rendered":"<p>Automatische Datenerfassung Nutzungsdaten Zur Erfassung von statistischen Daten zu den Besuchen dieses Internetangebots kommt die Software Matomo zum Einsatz. Mit Zugriff auf die Webseite agnesnuber.de wird auf dem Webserver ein Datensatz gespeichert, der aus folgenden Inhalten besteht: Die Webseite beziehungsweise die IP-Adresse, von der aus die Datei angefordert beziehungsweise die Webseite aufgerufen wurde Der Name [&hellip;]<\/p>\n","protected":false},"author":1,"featured_media":0,"parent":0,"menu_order":0,"comment_status":"closed","ping_status":"closed","template":"","meta":[],"_links":{"self":[{"href":"https:\/\/agnesnuber.de\/en\/wp-json\/wp\/v2\/pages\/1885"}],"collection":[{"href":"https:\/\/agnesnuber.de\/en\/wp-json\/wp\/v2\/pages"}],"about":[{"href":"https:\/\/agnesnuber.de\/en\/wp-json\/wp\/v2\/types\/page"}],"author":[{"embeddable":true,"href":"https:\/\/agnesnuber.de\/en\/wp-json\/wp\/v2\/users\/1"}],"replies":[{"embeddable":true,"href":"https:\/\/agnesnuber.de\/en\/wp-json\/wp\/v2\/comments?post=1885"}],"version-history":[{"count":11,"href":"https:\/\/agnesnuber.de\/en\/wp-json\/wp\/v2\/pages\/1885\/revisions"}],"predecessor-version":[{"id":2017,"href":"https:\/\/agnesnuber.de\/en\/wp-json\/wp\/v2\/pages\/1885\/revisions\/2017"}],"wp:attachment":[{"href":"https:\/\/agnesnuber.de\/en\/wp-json\/wp\/v2\/media?parent=1885"}],"curies":[{"name":"wp","href":"https:\/\/api.w.org\/{rel}","templated":true}]}}