{"id":1484,"date":"2015-03-05T13:22:18","date_gmt":"2015-03-05T13:22:18","guid":{"rendered":"http:\/\/www.agnesnuber.de\/?page_id=1484"},"modified":"2019-07-29T09:47:42","modified_gmt":"2019-07-29T09:47:42","slug":"infos-news","status":"publish","type":"page","link":"https:\/\/agnesnuber.de\/en\/infos-news\/","title":{"rendered":"Infos &#038; News*"},"content":{"rendered":"<p><span style=\"color: #ff0000;\"><strong>Exhibtions:<\/strong><\/span><\/p>\n<p>*** <strong><span style=\"color: #ff0000;\">LUX\u00a0\u00a0<\/span> &#8211; <\/strong>K\u00fcnstlerinnen \/ Tan Bartnitzki, Agnes Nuber, Tomaz Tomazin<\/p>\n<p>Venusberg 14, 20459 Hamburg\u00a0<strong><br \/>\n<\/strong><\/p>\n<p>Am 10. August um 19 Uhr laden wir zur Vernissage am Venusberg 14, die Hanglage z\u00e4hlt heute zu den leuchtendsten und buntesten Stadtteilen Hamburgs. Hier b\u00fcndeln wir unsere Sehkraft in lichtdurchfluteter Nachbarschaft und geben uns dem Funkeln der Stadt hin.<\/p>\n<p><strong>Vernissage: 10. August 2019 \/ 19 Uhr<\/strong><\/p>\n<p><strong>Am 11. August ist die Ausstellung von 12 bis 18 Uhr w\u00e4hrend des Strassenfestes am Venusberg ge\u00f6ffnet.<\/strong><\/p>\n<hr \/>\n<p>*** <strong><span style=\"color: #ff0000;\">Die Textile<\/span> &#8211; Festival f\u00fcr textile Kunst<\/strong>\u00a0 Schmallenberg\/Sauerland<\/p>\n<p><strong>5. Mai -10. Juni 2018<\/strong><\/p>\n<p>Interview:\u00a0 <a href=\"http:\/\/die-textile-schmallenberg.de\/agnes-nuber-alte-stickbilder-bekommen-ein-zweites-leben\/\">http:\/\/die-textile-schmallenberg.de\/<\/a><\/p>\n<hr \/>\n<p>*** <span style=\"color: #ff0000;\"><strong>M\u00fcnchner Science &amp; Fiction Festival &#8211; Art &amp; Science\u00a0<\/strong> <\/span><\/p>\n<p>Einstein Kultur \/\/ Einsteinstra\u00dfe 42 \/\/ 81675 M\u00fcnchen<\/p>\n<p><strong>13. April bis 15. April 2018 <\/strong><\/p>\n<p><span class=\"_4n-j _fbReactionComponent__eventDetailsContentTags fsl\" data-testid=\"event-permalink-details\">Das M\u00fcnchner Science &amp; Fiction Festival &#8211; Art and Science ist das einzige, interdisziplin\u00e4re Festival M\u00fcnchens. Es ist ein Blend aus Kultur- und Wissenschaftsfestival, mit der Experimentierfreude der Science-Fiction. Das Festival bringt K\u00fcnstler, Wissenschaftler und Sci-Fi-Fans regio- wie international zusammen, um Wissen, Kreativit\u00e4t und Vielfalt zu teilen. So lanciert das Event j\u00e4hrlich einzigartige Shows. Findet hier unser Gesamtprogramm:<br \/>\n<a href=\"http:\/\/www.muc-sf-festival.com\/programm\/\" target=\"_blank\" rel=\"nofollow noopener noreferrer\" data-lynx-mode=\"asynclazy\" data-lynx-uri=\"https:\/\/l.facebook.com\/l.php?u=http%3A%2F%2Fwww.muc-sf-festival.com%2Fprogramm%2F&amp;h=ATPFrGubC3gqKu11ZXlf9kmg9DA_Q3Uw4PtTKU06xHRY905grAlSimx0hPxbJKcEAMvPtN6UYR_CGSLvRDuvX1Cv65u6OzKuDk_S6-oa3bFGj1Ahd5zYBvDhOPHC9k_34ByY8_zn\">http:\/\/<wbr \/>www.muc-sf-festival.com\/<wbr \/>programm\/<\/a><\/span><\/p>\n<hr \/>\n<p>*** <strong><span style=\"color: #ff0000;\">Cafe Gnosa<\/span><\/strong> \/\/ Lange Reihe 93 \/\/ 20099 Hamburg<\/p>\n<p>Vernissage <strong>am Montag 5. September 2016 um 18 Uhr<\/strong><\/p>\n<p><strong>Laufzeit<\/strong> bis 07.11.2016<\/p>\n<hr \/>\n<p style=\"text-align: left;\">*** <strong><span style=\"color: #ff0000;\">S<\/span><\/strong><strong><span style=\"color: #ff0000;\">autter + Lackman<\/span><\/strong> &#8211; Kunstbuchhandlung\u00a0 \/\/ Admiralit\u00e4tstra\u00dfe 71\/ \/ 20459 Hamburg<\/p>\n<p style=\"text-align: left;\">Vernissage <strong>am Donnerstag 8. Oktober 2015 um 19 Uhr\u00a0\u00a0 <\/strong><\/p>\n<p style=\"text-align: left;\"><strong>Laufzeit <\/strong>bis 31. Oktober<\/p>\n<hr \/>\n<p>*** <span style=\"color: #ff0000;\">kunst kiosk\u00a0<strong>POP-UP-GALERIE<\/strong> <\/span> <span style=\"color: #000000;\">\/\/<\/span> Paul-Roosen-Str. 5 \/\/ 22767 Hamburg<\/p>\n<p>Er\u00f6ffnung <strong>am Freitag 2. Oktober 2015 ab 18 Uhr<\/strong><\/p>\n<p><strong>Laufzeit<\/strong> vorrausichlich Ende 2015<\/p>\n<hr \/>\n<p>*** <strong><span style=\"color: #ff0000;\">VAYA TELA!<\/span><\/strong> \/\/ Michael S \/\/ Sch\u00e4ferstra\u00dfe 26 \/\/ 20357 Hamburg<\/p>\n<p>Er\u00f6ffnung <strong>am 17. September 2015 ab 18 Uhr<\/strong><\/p>\n<p><strong>Laufzeit<\/strong> bis 4. Oktober 2015<\/p>\n<hr \/>\n<hr \/>\n<p><span style=\"color: #ff0000;\"><strong>Generally:<\/strong><\/span><\/p>\n<p>*** Embroidery with <span style=\"color: #ff0000;\"><strong>* <\/strong><span style=\"color: #000000;\">are sold.<br \/>\n<\/span><\/span><\/p>\n<p>*** Prize on application.<\/p>\n<p>*** All embroidery fotos are made by Markus Schaefer.<\/p>\n<p>*** Thanks to: Arno, Lili, Tim, Mara and Markus<\/p>\n<hr \/>\n<hr \/>\n<p><span style=\"color: #ff0000;\"><strong>TV\u00a0 NDR:<\/strong><\/span><\/p>\n<p>8. Dezember 2016<\/p>\n<p>https:\/\/vimeo.com\/225546233<\/p>","protected":false},"excerpt":{"rendered":"<p>Exhibtions: *** LUX\u00a0\u00a0 &#8211; K\u00fcnstlerinnen \/ Tan Bartnitzki, Agnes Nuber, Tomaz Tomazin Venusberg 14, 20459 Hamburg\u00a0 Am 10. August um 19 Uhr laden wir zur Vernissage am Venusberg 14, die Hanglage z\u00e4hlt heute zu den leuchtendsten und buntesten Stadtteilen Hamburgs. Hier b\u00fcndeln wir unsere Sehkraft in lichtdurchfluteter Nachbarschaft und geben uns dem Funkeln der Stadt [&hellip;]<\/p>\n","protected":false},"author":2,"featured_media":0,"parent":0,"menu_order":0,"comment_status":"closed","ping_status":"closed","template":"","meta":[],"_links":{"self":[{"href":"https:\/\/agnesnuber.de\/en\/wp-json\/wp\/v2\/pages\/1484"}],"collection":[{"href":"https:\/\/agnesnuber.de\/en\/wp-json\/wp\/v2\/pages"}],"about":[{"href":"https:\/\/agnesnuber.de\/en\/wp-json\/wp\/v2\/types\/page"}],"author":[{"embeddable":true,"href":"https:\/\/agnesnuber.de\/en\/wp-json\/wp\/v2\/users\/2"}],"replies":[{"embeddable":true,"href":"https:\/\/agnesnuber.de\/en\/wp-json\/wp\/v2\/comments?post=1484"}],"version-history":[{"count":52,"href":"https:\/\/agnesnuber.de\/en\/wp-json\/wp\/v2\/pages\/1484\/revisions"}],"predecessor-version":[{"id":1505,"href":"https:\/\/agnesnuber.de\/en\/wp-json\/wp\/v2\/pages\/1484\/revisions\/1505"}],"wp:attachment":[{"href":"https:\/\/agnesnuber.de\/en\/wp-json\/wp\/v2\/media?parent=1484"}],"curies":[{"name":"wp","href":"https:\/\/api.w.org\/{rel}","templated":true}]}}