{"id":113,"date":"2012-05-13T12:45:05","date_gmt":"2012-05-13T12:45:05","guid":{"rendered":"http:\/\/agnes.crux.uberspace.de\/wordpress\/?page_id=113"},"modified":"2020-09-23T15:27:29","modified_gmt":"2020-09-23T13:27:29","slug":"kontakt","status":"publish","type":"page","link":"https:\/\/agnesnuber.de\/en\/kontakt\/","title":{"rendered":"CONTACT &#038;  IMPRESSUM"},"content":{"rendered":"<pre> Inhaltlich verantwortlich gem\u00e4\u00df \u00a7 55 Abs. 2 RStV:\n Agnes Nuber\n Thadenstra\u00dfe 49\n 22 767 Hamburg\n +49(0)404396616\n agnes.nuber(a)gmx.de\n Finanzamt Hamburg-Hansa<\/pre>\n<pre> Trotz sorgf\u00e4ltiger inhaltlicher Kontrolle \u00fcbernehme ich keine\n Haftung f\u00fcr die Inhalte externer Links.\n F\u00fcr den Inhalt der verlinkten Seiten sind ausschlie\u00dflich deren\n Betreiber verantwortlich.\n\n\u00a0\u00a9 Copyright: Alle Inhalte dieser Website unterliegen dem\n Urheberrecht der Betreiberin und d\u00fcrfen nur mit ausdr\u00fccklicher\n Genehmigung verwendet werden.<\/pre>\n","protected":false},"excerpt":{"rendered":"<p>Inhaltlich verantwortlich gem\u00e4\u00df \u00a7 55 Abs. 2 RStV: Agnes Nuber Thadenstra\u00dfe 49 22 767 Hamburg +49(0)404396616 agnes.nuber(a)gmx.de Finanzamt Hamburg-Hansa Trotz sorgf\u00e4ltiger inhaltlicher Kontrolle \u00fcbernehme ich keine Haftung f\u00fcr die Inhalte externer Links. F\u00fcr den Inhalt der verlinkten Seiten sind ausschlie\u00dflich deren Betreiber verantwortlich. \u00a0\u00a9 Copyright: Alle Inhalte dieser Website unterliegen dem Urheberrecht der Betreiberin und [&hellip;]<\/p>\n","protected":false},"author":2,"featured_media":0,"parent":0,"menu_order":0,"comment_status":"closed","ping_status":"closed","template":"","meta":[],"_links":{"self":[{"href":"https:\/\/agnesnuber.de\/en\/wp-json\/wp\/v2\/pages\/113"}],"collection":[{"href":"https:\/\/agnesnuber.de\/en\/wp-json\/wp\/v2\/pages"}],"about":[{"href":"https:\/\/agnesnuber.de\/en\/wp-json\/wp\/v2\/types\/page"}],"author":[{"embeddable":true,"href":"https:\/\/agnesnuber.de\/en\/wp-json\/wp\/v2\/users\/2"}],"replies":[{"embeddable":true,"href":"https:\/\/agnesnuber.de\/en\/wp-json\/wp\/v2\/comments?post=113"}],"version-history":[{"count":19,"href":"https:\/\/agnesnuber.de\/en\/wp-json\/wp\/v2\/pages\/113\/revisions"}],"predecessor-version":[{"id":2127,"href":"https:\/\/agnesnuber.de\/en\/wp-json\/wp\/v2\/pages\/113\/revisions\/2127"}],"wp:attachment":[{"href":"https:\/\/agnesnuber.de\/en\/wp-json\/wp\/v2\/media?parent=113"}],"curies":[{"name":"wp","href":"https:\/\/api.w.org\/{rel}","templated":true}]}}